{"id":23,"date":"2022-02-08T08:46:56","date_gmt":"2022-02-08T15:46:56","guid":{"rendered":"https:\/\/lotuswellnessbymonica.com\/?page_id=23"},"modified":"2022-02-18T05:01:30","modified_gmt":"2022-02-18T12:01:30","slug":"bioenergetica-biomagnetismo","status":"publish","type":"page","link":"https:\/\/lotuswellnessbymonica.com\/index.php\/bioenergetica-biomagnetismo\/","title":{"rendered":"Bioenerg\u00e9tica\/Biomagnetismo."},"content":{"rendered":"<p>[et_pb_section fb_built=&#8221;1&#8243; admin_label=&#8221;Hero&#8221; _builder_version=&#8221;3.22&#8243; custom_padding=&#8221;0|0px|54px|0px|false|false&#8221; bottom_divider_height=&#8221;0px&#8221; border_width_bottom=&#8221;1px&#8221; border_color_bottom=&#8221;#efefef&#8221; global_colors_info=&#8221;{}&#8221; theme_builder_area=&#8221;post_content&#8221;][et_pb_row column_structure=&#8221;1_2,1_2&#8243; _builder_version=&#8221;3.25&#8243; width=&#8221;100%&#8221; max_width=&#8221;100%&#8221; custom_margin=&#8221;|||&#8221; custom_margin_tablet=&#8221;||0px|&#8221; custom_margin_phone=&#8221;&#8221; custom_margin_last_edited=&#8221;on|desktop&#8221; custom_padding=&#8221;0|0px|27px|0px|false|false&#8221; use_custom_width=&#8221;on&#8221; width_unit=&#8221;off&#8221; custom_width_percent=&#8221;100%&#8221; global_colors_info=&#8221;{}&#8221; theme_builder_area=&#8221;post_content&#8221;][et_pb_column type=&#8221;1_2&#8243; _builder_version=&#8221;3.25&#8243; custom_padding=&#8221;6%||6%|12%&#8221; custom_padding_tablet=&#8221;50px|50px|50px|50px&#8221; custom_padding_phone=&#8221;&#8221; custom_padding_last_edited=&#8221;on|tablet&#8221; global_colors_info=&#8221;{}&#8221; padding_tablet=&#8221;50px|50px|50px|50px&#8221; padding_last_edited=&#8221;on|tablet&#8221; custom_padding__hover=&#8221;|||&#8221; padding_phone=&#8221;50px|50px|50px|50px&#8221; theme_builder_area=&#8221;post_content&#8221;][et_pb_image _builder_version=&#8221;4.14.4&#8243; always_center_on_mobile=&#8221;off&#8221; global_colors_info=&#8221;{}&#8221; theme_builder_area=&#8221;post_content&#8221;][\/et_pb_image][et_pb_text _builder_version=&#8221;4.14.4&#8243; text_font=&#8221;Montserrat|300|||||||&#8221; text_text_color=&#8221;#8300E9&#8243; text_font_size=&#8221;16px&#8221; text_line_height=&#8221;1.8em&#8221; header_font=&#8221;Montserrat||||||||&#8221; header_font_size=&#8221;50px&#8221; header_line_height=&#8221;1.3em&#8221; header_2_font=&#8221;||||||||&#8221; max_width=&#8221;600px&#8221; custom_margin=&#8221;|||&#8221; custom_margin_tablet=&#8221;0px|50px||50px&#8221; custom_margin_phone=&#8221;|20px||&#8221; custom_margin_last_edited=&#8221;off|desktop&#8221; custom_padding=&#8221;|||&#8221; text_line_height_tablet=&#8221;1.8em&#8221; text_line_height_phone=&#8221;1.8em&#8221; text_line_height_last_edited=&#8221;on|phone&#8221; header_font_size_tablet=&#8221;&#8221; header_font_size_phone=&#8221;36px&#8221; header_font_size_last_edited=&#8221;on|phone&#8221; header_2_font_size_phone=&#8221;30px&#8221; header_2_font_size_last_edited=&#8221;off|desktop&#8221; locked=&#8221;off&#8221; global_colors_info=&#8221;{}&#8221; theme_builder_area=&#8221;post_content&#8221;]<\/p>\n<h1 style=\"text-align: center;\"><strong>Bioenerg\u00e9tica\/bio magnetismo<\/strong><\/h1>\n<p>[\/et_pb_text][et_pb_text _builder_version=&#8221;4.14.4&#8243; text_font=&#8221;Montserrat||||||||&#8221; text_text_color=&#8221;#000000&#8243; text_font_size=&#8221;16px&#8221; text_line_height=&#8221;2em&#8221; link_font=&#8221;||||||||&#8221; ul_font=&#8221;||||||||&#8221; ol_font=&#8221;||||||||&#8221; quote_font=&#8221;||||||||&#8221; header_font=&#8221;||||||||&#8221; header_2_font=&#8221;Montserrat|300|||||||&#8221; header_2_text_color=&#8221;#212d3b&#8221; header_2_font_size=&#8221;40px&#8221; header_2_line_height=&#8221;1.5em&#8221; max_width=&#8221;600px&#8221; custom_margin=&#8221;||10px|&#8221; custom_margin_tablet=&#8221;0px|50px||50px&#8221; custom_margin_last_edited=&#8221;off|desktop&#8221; custom_padding=&#8221;||0px|||&#8221; hover_enabled=&#8221;0&#8243; locked=&#8221;off&#8221; global_colors_info=&#8221;{}&#8221; theme_builder_area=&#8221;post_content&#8221; sticky_enabled=&#8221;0&#8243;]<\/p>\n<p>El Biomagnetismo es algo con lo que convivimos y probamente existamos gracias a esta fuerza invisible. Hace alusi\u00f3n directa a la relaci\u00f3n de estos campos magn\u00e9ticos, la vida y los seres vivos que en la tierra habitamos. Por lo que hablando de una terapia, su traducci\u00f3n ser\u00eda, terapia a trav\u00e9s de campos magn\u00e9ticos.<br \/>magnetoterapia, en el campo de la medicina m\u00e1s orientado al alivio del dolor, cicatrizaci\u00f3n, incluso inflamaci\u00f3n, generando (con un aparato o port\u00e1til o est\u00e1tico de muy variados tama\u00f1os) un campo magn\u00e9tico de alta o baja frecuencia, que produce una regulaci\u00f3n de la relaci\u00f3n dipolar de cargas de mol\u00e9culas favoreciendo as\u00ed el equilibrio de la bomba sodio potasio que se podr\u00edan ver mermados por procesos inflamatorios, de recuperaci\u00f3n, cicatrizaci\u00f3n\u2026<\/p>\n<p>Por lo que tenemos que distinguir entre:<\/p>\n<p>Campos Magn\u00e9ticos est\u00e1ticos los producidos por imanes en pares determinados con polaridad opuesta + y \u2013<br \/>Campos Magn\u00e9ticos oscilantes que son los aplicados con imanes.<\/p>\n<p>[\/et_pb_text][\/et_pb_column][et_pb_column type=&#8221;1_2&#8243; _builder_version=&#8221;3.25&#8243; custom_padding=&#8221;|||&#8221; global_colors_info=&#8221;{}&#8221; custom_padding__hover=&#8221;|||&#8221; theme_builder_area=&#8221;post_content&#8221;][et_pb_divider _builder_version=&#8221;4.14.4&#8243; _module_preset=&#8221;default&#8221; global_colors_info=&#8221;{}&#8221; theme_builder_area=&#8221;post_content&#8221;][\/et_pb_divider][et_pb_image src=&#8221;http:\/\/lotuswellnessbymonica.com\/wp-content\/uploads\/2022\/02\/WhatsApp-Image-2022-02-08-at-11.42.06-PM.jpeg&#8221; title_text=&#8221;WhatsApp Image 2022-02-08 at 11.42.06 PM&#8221; force_fullwidth=&#8221;on&#8221; align_tablet=&#8221;center&#8221; align_phone=&#8221;&#8221; align_last_edited=&#8221;on|desktop&#8221; _builder_version=&#8221;4.14.4&#8243; custom_margin=&#8221;|||&#8221; custom_padding=&#8221;|||&#8221; animation_style=&#8221;slide&#8221; animation_direction=&#8221;top&#8221; animation_intensity_slide=&#8221;5%&#8221; hover_enabled=&#8221;0&#8243; border_radii=&#8221;|20vw|||30px&#8221; border_color_all=&#8221;#0ee1f4&#8243; border_width_left=&#8221;2vw&#8221; border_color_left=&#8221;#37dfff&#8221; box_shadow_style=&#8221;preset4&#8243; box_shadow_horizontal=&#8221;-30px&#8221; box_shadow_vertical=&#8221;0px&#8221; box_shadow_color=&#8221;rgba(14,225,244,0.33)&#8221; global_colors_info=&#8221;{}&#8221; theme_builder_area=&#8221;post_content&#8221; sticky_enabled=&#8221;0&#8243;][\/et_pb_image][et_pb_image src=&#8221;http:\/\/lotuswellnessbymonica.com\/wp-content\/uploads\/2022\/02\/WhatsApp-Image-2022-02-08-at-11.42.06-PM-3.jpeg&#8221; title_text=&#8221;WhatsApp Image 2022-02-08 at 11.42.06 PM (3)&#8221; force_fullwidth=&#8221;on&#8221; align_tablet=&#8221;center&#8221; align_phone=&#8221;&#8221; align_last_edited=&#8221;on|desktop&#8221; _builder_version=&#8221;4.14.4&#8243; custom_margin=&#8221;|||&#8221; custom_padding=&#8221;|||&#8221; animation_style=&#8221;slide&#8221; animation_direction=&#8221;top&#8221; animation_intensity_slide=&#8221;5%&#8221; hover_enabled=&#8221;0&#8243; border_radii=&#8221;off|||30px|&#8221; border_color_all=&#8221;#0ee1f4&#8243; border_width_left=&#8221;2vw&#8221; border_color_left=&#8221;#37dfff&#8221; box_shadow_style=&#8221;preset4&#8243; box_shadow_horizontal=&#8221;-30px&#8221; box_shadow_vertical=&#8221;0px&#8221; box_shadow_color=&#8221;rgba(14,225,244,0.33)&#8221; global_colors_info=&#8221;{}&#8221; theme_builder_area=&#8221;post_content&#8221; sticky_enabled=&#8221;0&#8243;][\/et_pb_image][et_pb_divider _builder_version=&#8221;4.14.4&#8243; _module_preset=&#8221;default&#8221; global_colors_info=&#8221;{}&#8221; theme_builder_area=&#8221;post_content&#8221;][\/et_pb_divider][\/et_pb_column][\/et_pb_row][et_pb_row column_structure=&#8221;1_2,1_2&#8243; _builder_version=&#8221;4.14.4&#8243; _module_preset=&#8221;default&#8221; global_colors_info=&#8221;{}&#8221; theme_builder_area=&#8221;post_content&#8221;][et_pb_column type=&#8221;1_2&#8243; _builder_version=&#8221;4.14.4&#8243; _module_preset=&#8221;default&#8221; global_colors_info=&#8221;{}&#8221; theme_builder_area=&#8221;post_content&#8221;][et_pb_button button_url=&#8221;https:\/\/lotuswellnessbymonica.com\/index.php\/producto\/terapias-holisticas\/&#8221; url_new_window=&#8221;on&#8221; button_text=&#8221;Agenda tu cita hoy mismo!!&#8221; button_alignment=&#8221;center&#8221; _builder_version=&#8221;4.14.4&#8243; custom_button=&#8221;on&#8221; button_text_size=&#8221;18px&#8221; button_text_color=&#8221;#FFFFFF&#8221; button_bg_color=&#8221;#7c2869&#8243; button_border_width=&#8221;0px&#8221; button_border_color=&#8221;#FFFFFF&#8221; button_border_radius=&#8221;100px&#8221; button_letter_spacing=&#8221;2px&#8221; button_font=&#8221;Acme||||||||&#8221; background_layout=&#8221;dark&#8221; custom_margin=&#8221;40px|||&#8221; custom_padding=&#8221;|||&#8221; button_text_shadow_style=&#8221;preset2&#8243; box_shadow_style=&#8221;preset6&#8243; box_shadow_horizontal=&#8221;69px&#8221; locked=&#8221;off&#8221; global_colors_info=&#8221;{}&#8221; button_text_size__hover_enabled=&#8221;off&#8221; button_one_text_size__hover_enabled=&#8221;off&#8221; button_two_text_size__hover_enabled=&#8221;off&#8221; button_text_color__hover_enabled=&#8221;off&#8221; button_one_text_color__hover_enabled=&#8221;off&#8221; button_two_text_color__hover_enabled=&#8221;off&#8221; button_border_width__hover_enabled=&#8221;off&#8221; button_one_border_width__hover_enabled=&#8221;off&#8221; button_two_border_width__hover_enabled=&#8221;off&#8221; button_border_color__hover_enabled=&#8221;off&#8221; button_one_border_color__hover_enabled=&#8221;off&#8221; button_two_border_color__hover_enabled=&#8221;off&#8221; button_border_radius__hover_enabled=&#8221;off&#8221; button_one_border_radius__hover_enabled=&#8221;off&#8221; button_two_border_radius__hover_enabled=&#8221;off&#8221; button_letter_spacing__hover_enabled=&#8221;off&#8221; button_one_letter_spacing__hover_enabled=&#8221;off&#8221; button_two_letter_spacing__hover_enabled=&#8221;off&#8221; button_bg_color__hover_enabled=&#8221;off&#8221; button_one_bg_color__hover_enabled=&#8221;off&#8221; button_two_bg_color__hover_enabled=&#8221;off&#8221; theme_builder_area=&#8221;post_content&#8221;][\/et_pb_button][\/et_pb_column][et_pb_column type=&#8221;1_2&#8243; _builder_version=&#8221;4.14.4&#8243; _module_preset=&#8221;default&#8221; global_colors_info=&#8221;{}&#8221; theme_builder_area=&#8221;post_content&#8221;][et_pb_button button_url=&#8221;https:\/\/lotuswellnessbymonica.com\/index.php\/eventos\/&#8221; url_new_window=&#8221;on&#8221; button_text=&#8221;Proximos Eventos Relacionados&#8221; button_alignment=&#8221;center&#8221; _builder_version=&#8221;4.14.4&#8243; custom_button=&#8221;on&#8221; button_text_size=&#8221;18px&#8221; button_text_color=&#8221;#FFFFFF&#8221; button_bg_color=&#8221;#7c2869&#8243; button_border_width=&#8221;0px&#8221; button_border_color=&#8221;#FFFFFF&#8221; button_border_radius=&#8221;100px&#8221; button_letter_spacing=&#8221;2px&#8221; button_font=&#8221;Acme||||||||&#8221; background_layout=&#8221;dark&#8221; custom_margin=&#8221;40px|||&#8221; custom_padding=&#8221;|||&#8221; button_text_shadow_style=&#8221;preset2&#8243; box_shadow_style=&#8221;preset6&#8243; box_shadow_horizontal=&#8221;69px&#8221; locked=&#8221;off&#8221; global_colors_info=&#8221;{}&#8221; button_text_size__hover_enabled=&#8221;off&#8221; button_one_text_size__hover_enabled=&#8221;off&#8221; button_two_text_size__hover_enabled=&#8221;off&#8221; button_text_color__hover_enabled=&#8221;off&#8221; button_one_text_color__hover_enabled=&#8221;off&#8221; button_two_text_color__hover_enabled=&#8221;off&#8221; button_border_width__hover_enabled=&#8221;off&#8221; button_one_border_width__hover_enabled=&#8221;off&#8221; button_two_border_width__hover_enabled=&#8221;off&#8221; button_border_color__hover_enabled=&#8221;off&#8221; button_one_border_color__hover_enabled=&#8221;off&#8221; button_two_border_color__hover_enabled=&#8221;off&#8221; button_border_radius__hover_enabled=&#8221;off&#8221; button_one_border_radius__hover_enabled=&#8221;off&#8221; button_two_border_radius__hover_enabled=&#8221;off&#8221; button_letter_spacing__hover_enabled=&#8221;off&#8221; button_one_letter_spacing__hover_enabled=&#8221;off&#8221; button_two_letter_spacing__hover_enabled=&#8221;off&#8221; button_bg_color__hover_enabled=&#8221;off&#8221; button_one_bg_color__hover_enabled=&#8221;off&#8221; button_two_bg_color__hover_enabled=&#8221;off&#8221; theme_builder_area=&#8221;post_content&#8221;][\/et_pb_button][\/et_pb_column][\/et_pb_row][\/et_pb_section]<\/p>\n<div style=\"margin: 20px 0;\"><div class=\"qrcswholewtapper\" style=\"text-align:left;\"><div class=\"qrcprowrapper\"  id=\"qrcwraa2leds\"><div class=\"qrc_canvass\" id=\"qrc_cuttenpages_2\" style=\"display:inline-block\" data-text=\"https:\/\/lotuswellnessbymonica.com\/index.php\/bioenergetica-biomagnetismo\/\"><\/div><div><a download=\"Bioenerg\u00e9tica\/Biomagnetismo..png\" class=\"qrcdownloads\" id=\"worign\">\r\n           <button type=\"button\" style=\"min-width:200px;background:#44d813;color:#000;font-weight: 600;border: 1px solid #44d813;border-radius:20px;font-size:12px;padding: 6px 0;\" class=\"uqr_code_btn\">Download QR \ud83e\udc7b<\/button>\r\n           <\/a><\/div><\/div><\/div><\/div>","protected":false},"excerpt":{"rendered":"<p>[et_pb_section fb_built=&rdquo;1&Prime; admin_label=&rdquo;Hero&rdquo; _builder_version=&rdquo;3.22&Prime; custom_padding=&rdquo;0|0px|54px|0px|false|false&rdquo; bottom_divider_height=&rdquo;0px&rdquo; border_width_bottom=&rdquo;1px&rdquo; border_color_bottom=&rdquo;#efefef&rdquo; global_colors_info=&rdquo;{}&rdquo; theme_builder_area=&rdquo;post_content&rdquo;][et_pb_row column_structure=&rdquo;1_2,1_2&Prime; _builder_version=&rdquo;3.25&Prime; width=&rdquo;100%&rdquo; max_width=&rdquo;100%&rdquo; custom_margin=&rdquo;|||&rdquo; custom_margin_tablet=&rdquo;||0px|&rdquo; custom_margin_phone=&rdquo;&rdquo; custom_margin_last_edited=&rdquo;on|desktop&rdquo; custom_padding=&rdquo;0|0px|27px|0px|false|false&rdquo; use_custom_width=&rdquo;on&rdquo; width_unit=&rdquo;off&rdquo; custom_width_percent=&rdquo;100%&rdquo; global_colors_info=&rdquo;{}&rdquo; theme_builder_area=&rdquo;post_content&rdquo;][et_pb_column type=&rdquo;1_2&Prime; _builder_version=&rdquo;3.25&Prime; custom_padding=&rdquo;6%||6%|12%&rdquo; custom_padding_tablet=&rdquo;50px|50px|50px|50px&rdquo; custom_padding_phone=&rdquo;&rdquo; custom_padding_last_edited=&rdquo;on|tablet&rdquo; global_colors_info=&rdquo;{}&rdquo; padding_tablet=&rdquo;50px|50px|50px|50px&rdquo; padding_last_edited=&rdquo;on|tablet&rdquo; custom_padding__hover=&rdquo;|||&rdquo; padding_phone=&rdquo;50px|50px|50px|50px&rdquo; theme_builder_area=&rdquo;post_content&rdquo;][et_pb_image _builder_version=&rdquo;4.14.4&Prime; always_center_on_mobile=&rdquo;off&rdquo; global_colors_info=&rdquo;{}&rdquo; theme_builder_area=&rdquo;post_content&rdquo;][\/et_pb_image][et_pb_text _builder_version=&rdquo;4.14.4&Prime; text_font=&rdquo;Montserrat|300|||||||&rdquo; text_text_color=&rdquo;#8300E9&Prime; text_font_size=&rdquo;16px&rdquo; text_line_height=&rdquo;1.8em&rdquo; header_font=&rdquo;Montserrat||||||||&rdquo; header_font_size=&rdquo;50px&rdquo; header_line_height=&rdquo;1.3em&rdquo; header_2_font=&rdquo;||||||||&rdquo; max_width=&rdquo;600px&rdquo; custom_margin=&rdquo;|||&rdquo; custom_margin_tablet=&rdquo;0px|50px||50px&rdquo; custom_margin_phone=&rdquo;|20px||&rdquo; custom_margin_last_edited=&rdquo;off|desktop&rdquo; custom_padding=&rdquo;|||&rdquo; text_line_height_tablet=&rdquo;1.8em&rdquo; text_line_height_phone=&rdquo;1.8em&rdquo; text_line_height_last_edited=&rdquo;on|phone&rdquo; header_font_size_tablet=&rdquo;&rdquo; header_font_size_phone=&rdquo;36px&rdquo; header_font_size_last_edited=&rdquo;on|phone&rdquo; header_2_font_size_phone=&rdquo;30px&rdquo; header_2_font_size_last_edited=&rdquo;off|desktop&rdquo; locked=&rdquo;off&rdquo; global_colors_info=&rdquo;{}&rdquo; theme_builder_area=&rdquo;post_content&rdquo;] Bioenerg&eacute;tica\/bio magnetismo [\/et_pb_text][et_pb_text _builder_version=&rdquo;4.14.4&Prime; text_font=&rdquo;Montserrat||||||||&rdquo; text_text_color=&rdquo;#000000&Prime; text_font_size=&rdquo;16px&rdquo; text_line_height=&rdquo;2em&rdquo; link_font=&rdquo;||||||||&rdquo; ul_font=&rdquo;||||||||&rdquo; ol_font=&rdquo;||||||||&rdquo; quote_font=&rdquo;||||||||&rdquo; header_font=&rdquo;||||||||&rdquo; header_2_font=&rdquo;Montserrat|300|||||||&rdquo; header_2_text_color=&rdquo;#212d3b&rdquo; header_2_font_size=&rdquo;40px&rdquo; header_2_line_height=&rdquo;1.5em&rdquo; max_width=&rdquo;600px&rdquo; custom_margin=&rdquo;||10px|&rdquo; custom_margin_tablet=&rdquo;0px|50px||50px&rdquo; custom_margin_last_edited=&rdquo;off|desktop&rdquo; custom_padding=&rdquo;||0px|||&rdquo; hover_enabled=&rdquo;0&Prime; locked=&rdquo;off&rdquo; global_colors_info=&rdquo;{}&rdquo; theme_builder_area=&rdquo;post_content&rdquo; sticky_enabled=&rdquo;0&Prime;] El Biomagnetismo es algo con lo que&#8230; <\/p>\n","protected":false},"author":2,"featured_media":0,"parent":0,"menu_order":0,"comment_status":"closed","ping_status":"closed","template":"template-parts\/page-template-full-width.php","meta":{"om_disable_all_campaigns":false,"_mbp_gutenberg_autopost":false,"footnotes":""},"class_list":["post-23","page","type-page","status-publish","hentry"],"aioseo_notices":[],"_hostinger_reach_plugin_has_subscription_block":false,"_hostinger_reach_plugin_is_elementor":false,"jetpack_sharing_enabled":true,"jetpack_likes_enabled":true,"_links":{"self":[{"href":"https:\/\/lotuswellnessbymonica.com\/index.php\/wp-json\/wp\/v2\/pages\/23","targetHints":{"allow":["GET"]}}],"collection":[{"href":"https:\/\/lotuswellnessbymonica.com\/index.php\/wp-json\/wp\/v2\/pages"}],"about":[{"href":"https:\/\/lotuswellnessbymonica.com\/index.php\/wp-json\/wp\/v2\/types\/page"}],"author":[{"embeddable":true,"href":"https:\/\/lotuswellnessbymonica.com\/index.php\/wp-json\/wp\/v2\/users\/2"}],"replies":[{"embeddable":true,"href":"https:\/\/lotuswellnessbymonica.com\/index.php\/wp-json\/wp\/v2\/comments?post=23"}],"version-history":[{"count":4,"href":"https:\/\/lotuswellnessbymonica.com\/index.php\/wp-json\/wp\/v2\/pages\/23\/revisions"}],"predecessor-version":[{"id":2343,"href":"https:\/\/lotuswellnessbymonica.com\/index.php\/wp-json\/wp\/v2\/pages\/23\/revisions\/2343"}],"wp:attachment":[{"href":"https:\/\/lotuswellnessbymonica.com\/index.php\/wp-json\/wp\/v2\/media?parent=23"}],"curies":[{"name":"wp","href":"https:\/\/api.w.org\/{rel}","templated":true}]}}