{"id":76,"date":"2022-02-12T16:31:28","date_gmt":"2022-02-12T16:31:28","guid":{"rendered":"https:\/\/lotuswellnessbymonica.com\/?page_id=76"},"modified":"2022-02-13T00:47:23","modified_gmt":"2022-02-13T00:47:23","slug":"welcome","status":"publish","type":"page","link":"https:\/\/lotuswellnessbymonica.com\/index.php\/welcome\/","title":{"rendered":"Bienvenidos"},"content":{"rendered":"\t\t<div data-elementor-type=\"wp-page\" data-elementor-id=\"76\" class=\"elementor elementor-76\">\n\t\t\t\t\t\t<section class=\"elementor-section elementor-top-section elementor-element elementor-element-a083335 elementor-section-boxed elementor-section-height-default elementor-section-height-default\" data-id=\"a083335\" data-element_type=\"section\" data-e-type=\"section\" data-settings=\"{&quot;background_background&quot;:&quot;classic&quot;}\">\n\t\t\t\t\t\t<div class=\"elementor-container elementor-column-gap-default\">\n\t\t\t\t\t<div class=\"elementor-column elementor-col-100 elementor-top-column elementor-element elementor-element-24cd533\" data-id=\"24cd533\" data-element_type=\"column\" data-e-type=\"column\">\n\t\t\t<div class=\"elementor-widget-wrap elementor-element-populated\">\n\t\t\t\t\t\t<div class=\"elementor-element elementor-element-d8b93d3 elementor-widget elementor-widget-spacer\" data-id=\"d8b93d3\" data-element_type=\"widget\" data-e-type=\"widget\" data-widget_type=\"spacer.default\">\n\t\t\t\t<div class=\"elementor-widget-container\">\n\t\t\t\t\t\t\t<div class=\"elementor-spacer\">\n\t\t\t<div class=\"elementor-spacer-inner\"><\/div>\n\t\t<\/div>\n\t\t\t\t\t\t<\/div>\n\t\t\t\t<\/div>\n\t\t\t\t<div class=\"elementor-element elementor-element-aaa6a76 elementor-headline--style-highlight elementor-widget elementor-widget-animated-headline\" data-id=\"aaa6a76\" data-element_type=\"widget\" data-e-type=\"widget\" data-settings=\"{&quot;marker&quot;:&quot;underline&quot;,&quot;highlighted_text&quot;:&quot;a  Lotus Wellness by Monica&quot;,&quot;highlight_iteration_delay&quot;:2000,&quot;headline_style&quot;:&quot;highlight&quot;,&quot;loop&quot;:&quot;yes&quot;,&quot;highlight_animation_duration&quot;:1200}\" data-widget_type=\"animated-headline.default\">\n\t\t\t\t<div class=\"elementor-widget-container\">\n\t\t\t\t\t\t\t<h4 class=\"elementor-headline\">\n\t\t\t\t\t<span class=\"elementor-headline-plain-text elementor-headline-text-wrapper\">Bienvenidos  a<\/span>\n\t\t\t\t<span class=\"elementor-headline-dynamic-wrapper elementor-headline-text-wrapper\">\n\t\t\t\t\t<span class=\"elementor-headline-dynamic-text elementor-headline-text-active\">a  Lotus Wellness by Monica<\/span>\n\t\t\t\t<\/span>\n\t\t\t\t<\/h4>\n\t\t\t\t\t\t<\/div>\n\t\t\t\t<\/div>\n\t\t\t\t<div class=\"elementor-element elementor-element-a80e645 elementor-widget elementor-widget-text-editor\" data-id=\"a80e645\" data-element_type=\"widget\" data-e-type=\"widget\" data-widget_type=\"text-editor.default\">\n\t\t\t\t<div class=\"elementor-widget-container\">\n\t\t\t\t\t\t\t\t\t<p>Hola!. Si has llegado asta aqu\u00ed es por una raz\u00f3n, situaci\u00f3n la cual requiere de tu apoyo, y estamos aqu\u00ed Para ti, con las herramientas \u201ct\u00e9cnicas de sanaci\u00f3n que te llevar\u00e1n ala sanaci\u00f3n f\u00edsica, mental,emocional, espiritual, la cual integrar\u00e1 tus cuerpos&#8221; es un placer para m\u00ed apoyar a tus sistemas, para esto requieres contactarme\u2019.\u00a0cree en la diosidad qu\u00e9 hay en ti esa energ\u00eda maravillosa que te guio asta este espacio&#8230; Sigue leyendo para que as\u00ed te conectes con t\u00fa necesidad.<\/p>\t\t\t\t\t\t\t\t<\/div>\n\t\t\t\t<\/div>\n\t\t\t\t<div class=\"elementor-element elementor-element-92778ab elementor-widget elementor-widget-image\" data-id=\"92778ab\" data-element_type=\"widget\" data-e-type=\"widget\" data-widget_type=\"image.default\">\n\t\t\t\t<div class=\"elementor-widget-container\">\n\t\t\t\t\t\t\t\t\t\t\t\t\t\t\t<img fetchpriority=\"high\" decoding=\"async\" width=\"274\" height=\"252\" src=\"https:\/\/lotuswellnessbymonica.com\/wp-content\/uploads\/2022\/02\/logounio.jpeg\" class=\"attachment-large size-large wp-image-157\" alt=\"\" \/>\t\t\t\t\t\t\t\t\t\t\t\t\t\t\t<\/div>\n\t\t\t\t<\/div>\n\t\t\t\t<div class=\"elementor-element elementor-element-7cc53c6 elementor-widget elementor-widget-spacer\" data-id=\"7cc53c6\" data-element_type=\"widget\" data-e-type=\"widget\" data-widget_type=\"spacer.default\">\n\t\t\t\t<div class=\"elementor-widget-container\">\n\t\t\t\t\t\t\t<div class=\"elementor-spacer\">\n\t\t\t<div class=\"elementor-spacer-inner\"><\/div>\n\t\t<\/div>\n\t\t\t\t\t\t<\/div>\n\t\t\t\t<\/div>\n\t\t\t\t<div class=\"elementor-element elementor-element-c93ccdf elementor-headline--style-highlight elementor-widget elementor-widget-animated-headline\" data-id=\"c93ccdf\" data-element_type=\"widget\" data-e-type=\"widget\" data-settings=\"{&quot;marker&quot;:&quot;underline&quot;,&quot;highlight_iteration_delay&quot;:2000,&quot;headline_style&quot;:&quot;highlight&quot;,&quot;loop&quot;:&quot;yes&quot;,&quot;highlight_animation_duration&quot;:1200}\" data-widget_type=\"animated-headline.default\">\n\t\t\t\t<div class=\"elementor-widget-container\">\n\t\t\t\t\t\t\t<h6 class=\"elementor-headline\">\n\t\t\t\t\t<span class=\"elementor-headline-plain-text elementor-headline-text-wrapper\">Acerca de nosotros!<\/span>\n\t\t\t\t<span class=\"elementor-headline-dynamic-wrapper elementor-headline-text-wrapper\">\n\t\t\t\t<\/span>\n\t\t\t\t<\/h6>\n\t\t\t\t\t\t<\/div>\n\t\t\t\t<\/div>\n\t\t\t\t<div class=\"elementor-element elementor-element-baec24e elementor-widget elementor-widget-text-editor\" data-id=\"baec24e\" data-element_type=\"widget\" data-e-type=\"widget\" data-widget_type=\"text-editor.default\">\n\t\t\t\t<div class=\"elementor-widget-container\">\n\t\t\t\t\t\t\t\t\t<p><span style=\"color: rgb(0, 0, 0); font-family: &quot;Source Sans Pro&quot;, sans-serif; font-size: 18px; text-align: start;\">Como&nbsp;negocio local de terapias alternativas, y&nbsp; pr\u00e1cticas milenarias, nuestra misi\u00f3n es crear relaciones duraderas con nuestra comunidad.<\/span><br><\/p>\t\t\t\t\t\t\t\t<\/div>\n\t\t\t\t<\/div>\n\t\t\t\t<div class=\"elementor-element elementor-element-b70c202 elementor-widget elementor-widget-image\" data-id=\"b70c202\" data-element_type=\"widget\" data-e-type=\"widget\" data-widget_type=\"image.default\">\n\t\t\t\t<div class=\"elementor-widget-container\">\n\t\t\t\t\t\t\t\t\t\t\t\t\t\t\t<img decoding=\"async\" width=\"956\" height=\"313\" src=\"https:\/\/lotuswellnessbymonica.com\/wp-content\/uploads\/2022\/02\/logo.jpeg\" class=\"attachment-large size-large wp-image-158\" alt=\"\" srcset=\"https:\/\/lotuswellnessbymonica.com\/wp-content\/uploads\/2022\/02\/logo.jpeg 956w, https:\/\/lotuswellnessbymonica.com\/wp-content\/uploads\/2022\/02\/logo-600x196.jpeg 600w, https:\/\/lotuswellnessbymonica.com\/wp-content\/uploads\/2022\/02\/logo-300x98.jpeg 300w, https:\/\/lotuswellnessbymonica.com\/wp-content\/uploads\/2022\/02\/logo-768x251.jpeg 768w\" sizes=\"(max-width: 956px) 100vw, 956px\" \/>\t\t\t\t\t\t\t\t\t\t\t\t\t\t\t<\/div>\n\t\t\t\t<\/div>\n\t\t\t\t<div class=\"elementor-element elementor-element-9482972 elementor-widget elementor-widget-spacer\" data-id=\"9482972\" data-element_type=\"widget\" data-e-type=\"widget\" data-widget_type=\"spacer.default\">\n\t\t\t\t<div class=\"elementor-widget-container\">\n\t\t\t\t\t\t\t<div class=\"elementor-spacer\">\n\t\t\t<div class=\"elementor-spacer-inner\"><\/div>\n\t\t<\/div>\n\t\t\t\t\t\t<\/div>\n\t\t\t\t<\/div>\n\t\t\t\t<div class=\"elementor-element elementor-element-1a8e8e8 elementor-widget elementor-widget-image\" data-id=\"1a8e8e8\" data-element_type=\"widget\" data-e-type=\"widget\" data-widget_type=\"image.default\">\n\t\t\t\t<div class=\"elementor-widget-container\">\n\t\t\t\t\t\t\t\t\t\t\t\t\t\t\t<img decoding=\"async\" width=\"1024\" height=\"626\" src=\"https:\/\/lotuswellnessbymonica.com\/wp-content\/uploads\/2022\/02\/meditacion-1024x626.jpg\" class=\"attachment-large size-large wp-image-163\" alt=\"\" srcset=\"https:\/\/lotuswellnessbymonica.com\/wp-content\/uploads\/2022\/02\/meditacion-1024x626.jpg 1024w, https:\/\/lotuswellnessbymonica.com\/wp-content\/uploads\/2022\/02\/meditacion-600x367.jpg 600w, https:\/\/lotuswellnessbymonica.com\/wp-content\/uploads\/2022\/02\/meditacion-300x183.jpg 300w, https:\/\/lotuswellnessbymonica.com\/wp-content\/uploads\/2022\/02\/meditacion-768x469.jpg 768w, https:\/\/lotuswellnessbymonica.com\/wp-content\/uploads\/2022\/02\/meditacion-1536x938.jpg 1536w, https:\/\/lotuswellnessbymonica.com\/wp-content\/uploads\/2022\/02\/meditacion.jpg 1920w\" sizes=\"(max-width: 1024px) 100vw, 1024px\" \/>\t\t\t\t\t\t\t\t\t\t\t\t\t\t\t<\/div>\n\t\t\t\t<\/div>\n\t\t\t\t<div class=\"elementor-element elementor-element-535afdb elementor-widget elementor-widget-spacer\" data-id=\"535afdb\" data-element_type=\"widget\" data-e-type=\"widget\" data-widget_type=\"spacer.default\">\n\t\t\t\t<div class=\"elementor-widget-container\">\n\t\t\t\t\t\t\t<div class=\"elementor-spacer\">\n\t\t\t<div class=\"elementor-spacer-inner\"><\/div>\n\t\t<\/div>\n\t\t\t\t\t\t<\/div>\n\t\t\t\t<\/div>\n\t\t\t\t\t<\/div>\n\t\t<\/div>\n\t\t\t\t\t<\/div>\n\t\t<\/section>\n\t\t\t\t<\/div>\n\t\t<div style=\"margin: 20px 0;\"><div class=\"qrcswholewtapper\" style=\"text-align:left;\"><div class=\"qrcprowrapper\"  id=\"qrcwraa2leds\"><div class=\"qrc_canvass\" id=\"qrc_cuttenpages_2\" style=\"display:inline-block\" data-text=\"https:\/\/lotuswellnessbymonica.com\/index.php\/welcome\/\"><\/div><div><a download=\"Bienvenidos.png\" class=\"qrcdownloads\" id=\"worign\">\r\n           <button type=\"button\" style=\"min-width:200px;background:#44d813;color:#000;font-weight: 600;border: 1px solid #44d813;border-radius:20px;font-size:12px;padding: 6px 0;\" class=\"uqr_code_btn\">Download QR \ud83e\udc7b<\/button>\r\n           <\/a><\/div><\/div><\/div><\/div>","protected":false},"excerpt":{"rendered":"<p>Bienvenidos a a Lotus Wellness by Monica Hola!. Si has llegado asta aqu&iacute; es por una raz&oacute;n, situaci&oacute;n la cual requiere de tu apoyo, y estamos aqu&iacute; Para ti, con las herramientas &ldquo;t&eacute;cnicas de sanaci&oacute;n que te llevar&aacute;n ala sanaci&oacute;n f&iacute;sica, mental,emocional, espiritual, la cual integrar&aacute; tus cuerpos&rdquo; es un placer para m&iacute; apoyar a tus sistemas, para esto requieres contactarme&rsquo;.&nbsp;cree en la diosidad qu&eacute; hay en ti esa energ&iacute;a maravillosa que te guio asta este espacio&hellip; Sigue leyendo para que as&iacute; te conectes con t&uacute; necesidad. Acerca de nosotros! Como&nbsp;negocio local de terapias alternativas, y&nbsp; pr&aacute;cticas milenarias, nuestra misi&oacute;n&#8230; <\/p>\n","protected":false},"author":2,"featured_media":0,"parent":0,"menu_order":0,"comment_status":"closed","ping_status":"closed","template":"","meta":{"om_disable_all_campaigns":false,"_mbp_gutenberg_autopost":false,"footnotes":""},"class_list":["post-76","page","type-page","status-publish","hentry"],"aioseo_notices":[],"_hostinger_reach_plugin_has_subscription_block":false,"_hostinger_reach_plugin_is_elementor":false,"jetpack_sharing_enabled":true,"jetpack_likes_enabled":true,"_links":{"self":[{"href":"https:\/\/lotuswellnessbymonica.com\/index.php\/wp-json\/wp\/v2\/pages\/76","targetHints":{"allow":["GET"]}}],"collection":[{"href":"https:\/\/lotuswellnessbymonica.com\/index.php\/wp-json\/wp\/v2\/pages"}],"about":[{"href":"https:\/\/lotuswellnessbymonica.com\/index.php\/wp-json\/wp\/v2\/types\/page"}],"author":[{"embeddable":true,"href":"https:\/\/lotuswellnessbymonica.com\/index.php\/wp-json\/wp\/v2\/users\/2"}],"replies":[{"embeddable":true,"href":"https:\/\/lotuswellnessbymonica.com\/index.php\/wp-json\/wp\/v2\/comments?post=76"}],"version-history":[{"count":73,"href":"https:\/\/lotuswellnessbymonica.com\/index.php\/wp-json\/wp\/v2\/pages\/76\/revisions"}],"predecessor-version":[{"id":176,"href":"https:\/\/lotuswellnessbymonica.com\/index.php\/wp-json\/wp\/v2\/pages\/76\/revisions\/176"}],"wp:attachment":[{"href":"https:\/\/lotuswellnessbymonica.com\/index.php\/wp-json\/wp\/v2\/media?parent=76"}],"curies":[{"name":"wp","href":"https:\/\/api.w.org\/{rel}","templated":true}]}}